{"id":13526,"date":"2016-04-04T16:33:48","date_gmt":"2016-04-04T13:33:48","guid":{"rendered":"http:\/\/www.jarparo.com\/?page_id=13526&#038;lang=en"},"modified":"2021-01-23T00:11:57","modified_gmt":"2021-01-22T22:11:57","slug":"ceos-voice","status":"publish","type":"page","link":"https:\/\/jarparo.com\/en\/ceos-voice\/","title":{"rendered":"CEO&#8217;s voice"},"content":{"rendered":"<p>[vc_row][vc_column][vc_custom_heading text=&#8221;FOLLOWING THE PROFITABILITIES FEEDS<br \/>\nTHE NEEDS FOR DEVELOPMENT&#8221; font_container=&#8221;tag:h2|text_align:left|color:%230062c4&#8243; use_theme_fonts=&#8221;yes&#8221;][\/vc_column][\/vc_row][vc_row][vc_column width=&#8221;1\/2&#8243;][vc_column_text]Operating in our market area is very demanding. We develope our operations constantly to be able to offer our customers a strong and competitive alternative.<\/p>\n<p><strong>Future<\/strong><\/p>\n<p>We are expanding to new customer business areas.<br \/>\nWe are developing our own operations and scale of services.<br \/>\nWe are proud to be able to offer finnish professionals demanding work and to offer our customers a good and a reliable alternative in the field of manufacturing subcontracting.<\/p>\n<p>Welcome to contact us to find out how we can be of assistance.<\/p>\n<p>&nbsp;<\/p>\n<p><strong>Pekka Bollstr\u00f6m<\/strong><br \/>\nCEO[\/vc_column_text][\/vc_column][vc_column width=&#8221;1\/2&#8243; css=&#8221;.vc_custom_1459409258760{margin-top: -80px !important;}&#8221;][vc_single_image image=&#8221;13865&#8243; img_size=&#8221;full&#8221; css=&#8221;.vc_custom_1462781481500{margin-left: 30px !important;padding-top: 20px !important;}&#8221;][\/vc_column][\/vc_row][vc_row css=&#8221;.vc_custom_1458927063188{padding-top: 15px !important;}&#8221;][vc_column width=&#8221;1\/6&#8243;][vc_single_image image=&#8221;13529&#8243; img_size=&#8221;140&#215;54&#8243; alignment=&#8221;center&#8221;][\/vc_column][vc_column width=&#8221;1\/6&#8243; css=&#8221;.vc_custom_1458927092494{padding-top: 10px !important;}&#8221;][vc_single_image image=&#8221;13530&#8243; img_size=&#8221;215&#215;54&#8243; alignment=&#8221;center&#8221;][\/vc_column][vc_column width=&#8221;1\/6&#8243; css=&#8221;.vc_custom_1458927128953{padding-top: 10px !important;}&#8221;][vc_single_image image=&#8221;13531&#8243; img_size=&#8221;308&#215;54&#8243; alignment=&#8221;center&#8221;][\/vc_column][vc_column width=&#8221;1\/6&#8243; css=&#8221;.vc_custom_1458927444129{padding-top: 15px !important;}&#8221;][vc_single_image image=&#8221;13532&#8243; img_size=&#8221;515&#215;54&#8243; alignment=&#8221;center&#8221;][\/vc_column][vc_column width=&#8221;1\/6&#8243;][vc_single_image image=&#8221;13533&#8243; img_size=&#8221;162&#215;54&#8243; alignment=&#8221;center&#8221;][\/vc_column][vc_column width=&#8221;1\/6&#8243; css=&#8221;.vc_custom_1458939131030{padding-top: 0px !important;}&#8221;][vc_single_image image=&#8221;13535&#8243; img_size=&#8221;189&#215;54&#8243; alignment=&#8221;center&#8221;][\/vc_column][\/vc_row][vc_row css=&#8221;.vc_custom_1458927063188{padding-top: 15px !important;}&#8221;][vc_column width=&#8221;1\/6&#8243;][vc_single_image image=&#8221;13534&#8243; img_size=&#8221;464&#215;54&#8243; alignment=&#8221;center&#8221;][\/vc_column][\/vc_row][vc_row full_width=&#8221;stretch_row_content&#8221; expanded=&#8221;1,2&#8243; background_style=&#8221;fixed&#8221; css=&#8221;.vc_custom_1589452517778{margin-bottom: 0px !important;margin-left: 0px !important;padding-bottom: 0px !important;}&#8221; el_class=&#8221;row_map&#8221;][vc_column css=&#8221;.vc_custom_1460597786719{padding-right: 0px !important;padding-left: 0px !important;background-color: #444444 !important;}&#8221;][vc_row_inner css=&#8221;.vc_custom_1459264658485{padding-top: 35px !important;padding-right: 55px !important;padding-bottom: 0px !important;padding-left: 55px !important;background-color: #444444 !important;background-position: center !important;background-repeat: no-repeat !important;background-size: cover !important;}&#8221;][vc_column_inner width=&#8221;1\/4&#8243;][vc_single_image image=&#8221;13177&#8243; img_size=&#8221;200&#215;50&#8243;][vc_column_text]<\/p>\n<div class=\"\"><span style=\"color: #ffffff;\"><span class=\"\" lang=\"EN-US\">Jarparo Oy specializes in deliveries and co-operation of research and development of demanding industrial investment products. Typical deliveries are big and demanding machines for process- \/ energy industry which include high level of automation.\u00a0<\/span><span class=\"\">We offer also customization and R&amp;D services.<\/span><\/span><\/div>\n<p>[\/vc_column_text][\/vc_column_inner][vc_column_inner width=&#8221;1\/2&#8243; css=&#8221;.vc_custom_1459552975385{padding-top: 10px !important;}&#8221; offset=&#8221;vc_col-sm-offset-0&#8243;][vc_custom_heading text=&#8221;OUR LOCATION&#8221; font_container=&#8221;tag:h3|text_align:left|color:%23ffffff&#8221; use_theme_fonts=&#8221;yes&#8221; css=&#8221;.vc_custom_1459788478946{margin-left: 50px !important;}&#8221;][vc_single_image image=&#8221;13507&#8243; img_size=&#8221;full&#8221; onclick=&#8221;custom_link&#8221; link=&#8221;https:\/\/www.google.fi\/maps\/place\/Jarparo+Oy\/@60.500906,7.1344075,4z\/data=!4m2!3m1!1s0x468e00e6e6193efb:0xdec758c369381b0f&#8221; css=&#8221;.vc_custom_1459697084506{padding-bottom: -80px !important;}&#8221;][\/vc_column_inner][vc_column_inner width=&#8221;1\/4&#8243; offset=&#8221;vc_col-sm-offset-0&#8243;][vc_custom_heading text=&#8221;CONTACT US&#8221; font_container=&#8221;tag:h3|text_align:left|color:%23ffffff&#8221; use_theme_fonts=&#8221;yes&#8221;][vc_column_text css=&#8221;.vc_custom_1589452535347{padding-bottom: 20px !important;}&#8221;]<\/p>\n<div class=\"\"><span style=\"color: #ffffff;\"><span class=\"\">We are developing constantly our operations and services.\u00a0<\/span><span class=\"\" lang=\"EN-US\">We are also developing our spread of customers to include a larger field of industry. We pursue to find the best raw material, energy and cost efficient alternatives to our customers. Please contact us to find out more about our services.<\/span><\/span><\/div>\n<div class=\"\"><span class=\"\" lang=\"EN-US\">\u00a0<\/span><\/div>\n<p><span style=\"color: #ffffff;\"><br class=\"\" \/><br class=\"\" \/>W\u00e4rtsil\u00e4nkatu 99, FI-04440 J\u00e4rvenp\u00e4\u00e4, Finland\u00a0<br class=\"\" \/><a style=\"color: #ffffff;\" href=\"tel:\/\/+358407563234\" target=\"_blank\" rel=\"noopener noreferrer\">+358 40 756 3234<\/a><\/span><\/p>\n<p><span style=\"color: #ffffff;\"><br class=\"\" \/><a class=\"\" style=\"color: #ffffff;\" href=\"mailto:jar.myynti@jarparo.com\">jar.myynti@jarparo.com<\/a><\/span><br \/>\n<span style=\"color: #ffffff;\"><a style=\"color: #ffffff;\" href=\"http:\/\/www.jarparo.com\" target=\"_blank\" rel=\"noopener noreferrer\">www.jarparo.com<\/a><\/span>[\/vc_column_text][\/vc_column_inner][\/vc_row_inner][\/vc_column][\/vc_row]<\/p>\n","protected":false},"excerpt":{"rendered":"<p>[vc_row][vc_column][vc_custom_heading text=&#8221;FOLLOWING THE PROFITABILITIES FEEDS THE NEEDS FOR DEVELOPMENT&#8221; font_container=&#8221;tag:h2|text_align:left|color:%230062c4&#8243; use_theme_fonts=&#8221;yes&#8221;][\/vc_column][\/vc_row][vc_row][vc_column width=&#8221;1\/2&#8243;][vc_column_text]Operating in our market area is very demanding. We develope our operations constantly to be able to offer our customers a strong and competitive alternative. Future We are expanding to new customer business areas. We are developing our own operations and scale of services. [&hellip;]<\/p>\n","protected":false},"author":3,"featured_media":0,"parent":0,"menu_order":0,"comment_status":"closed","ping_status":"closed","template":"","meta":{"footnotes":""},"class_list":["post-13526","page","type-page","status-publish","hentry"],"yoast_head":"<!-- This site is optimized with the Yoast SEO plugin v27.3 - https:\/\/yoast.com\/product\/yoast-seo-wordpress\/ -->\n<title>CEO&#039;s voice - Jarparo sivusto<\/title>\n<meta name=\"description\" content=\"We develope our operations constantly to be able to offer our customers a strong and competitive alternative. Welcome to contact us!\" \/>\n<meta name=\"robots\" content=\"index, follow, max-snippet:-1, max-image-preview:large, max-video-preview:-1\" \/>\n<link rel=\"canonical\" href=\"https:\/\/jarparo.com\/en\/ceos-voice\/\" \/>\n<meta property=\"og:locale\" content=\"en_US\" \/>\n<meta property=\"og:type\" content=\"article\" \/>\n<meta property=\"og:title\" content=\"CEO&#039;s voice - Jarparo sivusto\" \/>\n<meta property=\"og:description\" content=\"We develope our operations constantly to be able to offer our customers a strong and competitive alternative. Welcome to contact us!\" \/>\n<meta property=\"og:url\" content=\"https:\/\/jarparo.com\/en\/ceos-voice\/\" \/>\n<meta property=\"og:site_name\" content=\"Jarparo sivusto\" \/>\n<meta property=\"article:modified_time\" content=\"2021-01-22T22:11:57+00:00\" \/>\n<meta name=\"twitter:card\" content=\"summary_large_image\" \/>\n<meta name=\"twitter:label1\" content=\"Est. reading time\" \/>\n\t<meta name=\"twitter:data1\" content=\"3 minutes\" \/>\n<script type=\"application\/ld+json\" class=\"yoast-schema-graph\">{\"@context\":\"https:\\\/\\\/schema.org\",\"@graph\":[{\"@type\":\"WebPage\",\"@id\":\"https:\\\/\\\/jarparo.com\\\/en\\\/ceos-voice\\\/\",\"url\":\"https:\\\/\\\/jarparo.com\\\/en\\\/ceos-voice\\\/\",\"name\":\"CEO's voice - Jarparo sivusto\",\"isPartOf\":{\"@id\":\"https:\\\/\\\/jarparo.com\\\/#website\"},\"datePublished\":\"2016-04-04T13:33:48+00:00\",\"dateModified\":\"2021-01-22T22:11:57+00:00\",\"description\":\"We develope our operations constantly to be able to offer our customers a strong and competitive alternative. Welcome to contact us!\",\"breadcrumb\":{\"@id\":\"https:\\\/\\\/jarparo.com\\\/en\\\/ceos-voice\\\/#breadcrumb\"},\"inLanguage\":\"en-US\",\"potentialAction\":[{\"@type\":\"ReadAction\",\"target\":[\"https:\\\/\\\/jarparo.com\\\/en\\\/ceos-voice\\\/\"]}]},{\"@type\":\"BreadcrumbList\",\"@id\":\"https:\\\/\\\/jarparo.com\\\/en\\\/ceos-voice\\\/#breadcrumb\",\"itemListElement\":[{\"@type\":\"ListItem\",\"position\":1,\"name\":\"Home\",\"item\":\"https:\\\/\\\/jarparo.com\\\/en\\\/\"},{\"@type\":\"ListItem\",\"position\":2,\"name\":\"CEO&#8217;s voice\"}]},{\"@type\":\"WebSite\",\"@id\":\"https:\\\/\\\/jarparo.com\\\/#website\",\"url\":\"https:\\\/\\\/jarparo.com\\\/\",\"name\":\"Jarparo sivusto\",\"description\":\"innovatiiviset keksinn\u00f6t\",\"publisher\":{\"@id\":\"https:\\\/\\\/jarparo.com\\\/#organization\"},\"potentialAction\":[{\"@type\":\"SearchAction\",\"target\":{\"@type\":\"EntryPoint\",\"urlTemplate\":\"https:\\\/\\\/jarparo.com\\\/?s={search_term_string}\"},\"query-input\":{\"@type\":\"PropertyValueSpecification\",\"valueRequired\":true,\"valueName\":\"search_term_string\"}}],\"inLanguage\":\"en-US\"},{\"@type\":\"Organization\",\"@id\":\"https:\\\/\\\/jarparo.com\\\/#organization\",\"name\":\"Jarparo Oy\",\"url\":\"https:\\\/\\\/jarparo.com\\\/\",\"logo\":{\"@type\":\"ImageObject\",\"inLanguage\":\"en-US\",\"@id\":\"https:\\\/\\\/jarparo.com\\\/#\\\/schema\\\/logo\\\/image\\\/\",\"url\":\"https:\\\/\\\/jarparo.com\\\/wp-content\\\/uploads\\\/2016\\\/05\\\/UUSI_jarparo_logo_posa.png\",\"contentUrl\":\"https:\\\/\\\/jarparo.com\\\/wp-content\\\/uploads\\\/2016\\\/05\\\/UUSI_jarparo_logo_posa.png\",\"width\":190,\"height\":42,\"caption\":\"Jarparo Oy\"},\"image\":{\"@id\":\"https:\\\/\\\/jarparo.com\\\/#\\\/schema\\\/logo\\\/image\\\/\"}}]}<\/script>\n<!-- \/ Yoast SEO plugin. -->","yoast_head_json":{"title":"CEO's voice - Jarparo sivusto","description":"We develope our operations constantly to be able to offer our customers a strong and competitive alternative. Welcome to contact us!","robots":{"index":"index","follow":"follow","max-snippet":"max-snippet:-1","max-image-preview":"max-image-preview:large","max-video-preview":"max-video-preview:-1"},"canonical":"https:\/\/jarparo.com\/en\/ceos-voice\/","og_locale":"en_US","og_type":"article","og_title":"CEO's voice - Jarparo sivusto","og_description":"We develope our operations constantly to be able to offer our customers a strong and competitive alternative. Welcome to contact us!","og_url":"https:\/\/jarparo.com\/en\/ceos-voice\/","og_site_name":"Jarparo sivusto","article_modified_time":"2021-01-22T22:11:57+00:00","twitter_card":"summary_large_image","twitter_misc":{"Est. reading time":"3 minutes"},"schema":{"@context":"https:\/\/schema.org","@graph":[{"@type":"WebPage","@id":"https:\/\/jarparo.com\/en\/ceos-voice\/","url":"https:\/\/jarparo.com\/en\/ceos-voice\/","name":"CEO's voice - Jarparo sivusto","isPartOf":{"@id":"https:\/\/jarparo.com\/#website"},"datePublished":"2016-04-04T13:33:48+00:00","dateModified":"2021-01-22T22:11:57+00:00","description":"We develope our operations constantly to be able to offer our customers a strong and competitive alternative. Welcome to contact us!","breadcrumb":{"@id":"https:\/\/jarparo.com\/en\/ceos-voice\/#breadcrumb"},"inLanguage":"en-US","potentialAction":[{"@type":"ReadAction","target":["https:\/\/jarparo.com\/en\/ceos-voice\/"]}]},{"@type":"BreadcrumbList","@id":"https:\/\/jarparo.com\/en\/ceos-voice\/#breadcrumb","itemListElement":[{"@type":"ListItem","position":1,"name":"Home","item":"https:\/\/jarparo.com\/en\/"},{"@type":"ListItem","position":2,"name":"CEO&#8217;s voice"}]},{"@type":"WebSite","@id":"https:\/\/jarparo.com\/#website","url":"https:\/\/jarparo.com\/","name":"Jarparo sivusto","description":"innovatiiviset keksinn\u00f6t","publisher":{"@id":"https:\/\/jarparo.com\/#organization"},"potentialAction":[{"@type":"SearchAction","target":{"@type":"EntryPoint","urlTemplate":"https:\/\/jarparo.com\/?s={search_term_string}"},"query-input":{"@type":"PropertyValueSpecification","valueRequired":true,"valueName":"search_term_string"}}],"inLanguage":"en-US"},{"@type":"Organization","@id":"https:\/\/jarparo.com\/#organization","name":"Jarparo Oy","url":"https:\/\/jarparo.com\/","logo":{"@type":"ImageObject","inLanguage":"en-US","@id":"https:\/\/jarparo.com\/#\/schema\/logo\/image\/","url":"https:\/\/jarparo.com\/wp-content\/uploads\/2016\/05\/UUSI_jarparo_logo_posa.png","contentUrl":"https:\/\/jarparo.com\/wp-content\/uploads\/2016\/05\/UUSI_jarparo_logo_posa.png","width":190,"height":42,"caption":"Jarparo Oy"},"image":{"@id":"https:\/\/jarparo.com\/#\/schema\/logo\/image\/"}}]}},"_links":{"self":[{"href":"https:\/\/jarparo.com\/en\/wp-json\/wp\/v2\/pages\/13526","targetHints":{"allow":["GET"]}}],"collection":[{"href":"https:\/\/jarparo.com\/en\/wp-json\/wp\/v2\/pages"}],"about":[{"href":"https:\/\/jarparo.com\/en\/wp-json\/wp\/v2\/types\/page"}],"author":[{"embeddable":true,"href":"https:\/\/jarparo.com\/en\/wp-json\/wp\/v2\/users\/3"}],"replies":[{"embeddable":true,"href":"https:\/\/jarparo.com\/en\/wp-json\/wp\/v2\/comments?post=13526"}],"version-history":[{"count":22,"href":"https:\/\/jarparo.com\/en\/wp-json\/wp\/v2\/pages\/13526\/revisions"}],"predecessor-version":[{"id":14487,"href":"https:\/\/jarparo.com\/en\/wp-json\/wp\/v2\/pages\/13526\/revisions\/14487"}],"wp:attachment":[{"href":"https:\/\/jarparo.com\/en\/wp-json\/wp\/v2\/media?parent=13526"}],"curies":[{"name":"wp","href":"https:\/\/api.w.org\/{rel}","templated":true}]}}