{"id":13552,"date":"2016-04-04T16:47:56","date_gmt":"2016-04-04T13:47:56","guid":{"rendered":"http:\/\/www.jarparo.com\/?page_id=13552&#038;lang=en"},"modified":"2021-01-23T00:12:37","modified_gmt":"2021-01-22T22:12:37","slug":"history","status":"publish","type":"page","link":"https:\/\/jarparo.com\/en\/history\/","title":{"rendered":"History"},"content":{"rendered":"<p>[vc_row][vc_column][vc_column_text]<\/p>\n<h2><span style=\"color: #0062c4;\">HISTORY OF THE COMPANY<\/span><\/h2>\n<p>We have been delivering industrial products from the same facilities since the 60\u2019s.<\/p>\n<ul>\n<li>A part of the production network of Valmet \/ Metso Paper<\/li>\n<li>Purchased from Metso in 2013 by Walpella<\/li>\n<li>Separated from Walpella in 2014<\/li>\n<\/ul>\n<p>[\/vc_column_text][vc_empty_space][\/vc_column][\/vc_row][vc_row][vc_column][vc_single_image image=&#8221;13554&#8243; img_size=&#8221;full&#8221;][vc_empty_space][\/vc_column][\/vc_row][vc_row][vc_column][vc_empty_space][vc_custom_heading text=&#8221;JARPARO OY&#8221; font_container=&#8221;tag:h2|text_align:left|color:%230062c4&#8243; google_fonts=&#8221;font_family:Open%20Sans%3A300%2C300italic%2Cregular%2Citalic%2C600%2C600italic%2C700%2C700italic%2C800%2C800italic|font_style:700%20bold%20regular%3A700%3Anormal&#8221;][vc_row_inner equal_height=&#8221;yes&#8221;][vc_column_inner width=&#8221;1\/3&#8243;][vc_column_text]CEO<br \/>\nPekka Bollstr\u00f6m<br \/>\n+358 40 756 3234<\/p>\n<p>Procurement and Production<br \/>\nTero Olander<br \/>\n+358 40 542 7178[\/vc_column_text][\/vc_column_inner][vc_column_inner width=&#8221;1\/3&#8243;][vc_column_text]Jarparo Oy<br \/>\nTel: +358 40 756 3234<br \/>\nMail: jar.myynti@jarparo.com<\/p>\n<p>Post address:<br \/>\nW\u00e4rtsil\u00e4nkatu 99<br \/>\n04440 J\u00e4rvenp\u00e4\u00e4<br \/>\nFINLAND.[\/vc_column_text][\/vc_column_inner][vc_column_inner width=&#8221;1\/3&#8243;][vc_column_text]<strong>FACILITIES<\/strong><br \/>\nWorkshop area about 7 000 sqm + extra space available when needed.Lifting capacity 80+45 TON. Max workpiece height under crane is 12 m. Assembly railing in the floors. Hydraulic testing (2*450 l\/min) at 150 bar. Rail tracks straight into the workshop for deliveries by train.<br \/>\n[\/vc_column_text][\/vc_column_inner][\/vc_row_inner][\/vc_column][\/vc_row][vc_row][vc_column][\/vc_column][\/vc_row][vc_row full_width=&#8221;stretch_row_content&#8221; expanded=&#8221;1,2&#8243; background_style=&#8221;fixed&#8221; css=&#8221;.vc_custom_1589452630290{margin-bottom: 0px !important;margin-left: 0px !important;padding-bottom: 0px !important;}&#8221; el_class=&#8221;row_map&#8221;][vc_column css=&#8221;.vc_custom_1460597590945{padding-right: 0px !important;padding-left: 0px !important;background-color: #444444 !important;}&#8221;][vc_row_inner css=&#8221;.vc_custom_1459264658485{padding-top: 35px !important;padding-right: 55px !important;padding-bottom: 0px !important;padding-left: 55px !important;background-color: #444444 !important;background-position: center !important;background-repeat: no-repeat !important;background-size: cover !important;}&#8221;][vc_column_inner width=&#8221;1\/4&#8243;][vc_single_image image=&#8221;13177&#8243; img_size=&#8221;180 \u00d7 39&#8243;][vc_column_text]<\/p>\n<div class=\"\"><span style=\"color: #ffffff;\"><span class=\"\" lang=\"EN-US\">Jarparo Oy specializes in deliveries and co-operation of research and development of demanding industrial investment products. Typical deliveries are big and demanding machines for process- \/ energy industry which include high level of automation.\u00a0<\/span><span class=\"\">We offer also customization and R&amp;D services.<\/span><\/span><\/div>\n<p>[\/vc_column_text][\/vc_column_inner][vc_column_inner width=&#8221;1\/2&#8243; css=&#8221;.vc_custom_1459552975385{padding-top: 10px !important;}&#8221; offset=&#8221;vc_col-sm-offset-0&#8243;][vc_custom_heading text=&#8221;OUR LOCATION&#8221; font_container=&#8221;tag:h3|text_align:left|color:%23ffffff&#8221; use_theme_fonts=&#8221;yes&#8221; css=&#8221;.vc_custom_1459788478946{margin-left: 50px !important;}&#8221;][vc_single_image image=&#8221;13507&#8243; img_size=&#8221;full&#8221; onclick=&#8221;custom_link&#8221; link=&#8221;https:\/\/www.google.fi\/maps\/place\/Jarparo+Oy\/@60.500906,7.1344075,4z\/data=!4m2!3m1!1s0x468e00e6e6193efb:0xdec758c369381b0f&#8221; css=&#8221;.vc_custom_1459697084506{padding-bottom: -80px !important;}&#8221;][\/vc_column_inner][vc_column_inner width=&#8221;1\/4&#8243; offset=&#8221;vc_col-sm-offset-0&#8243;][vc_custom_heading text=&#8221;CONTACT US&#8221; font_container=&#8221;tag:h3|text_align:left|color:%23ffffff&#8221; use_theme_fonts=&#8221;yes&#8221;][vc_column_text css=&#8221;.vc_custom_1589452639907{padding-bottom: 20px !important;}&#8221;]<\/p>\n<div class=\"\"><span style=\"color: #ffffff;\"><span class=\"\">We are developing constantly our operations and services.\u00a0<\/span><span class=\"\" lang=\"EN-US\">We are also developing our spread of customers to include a larger field of industry. We pursue to find the best raw material, energy and cost efficient alternatives to our customers. Please contact us to find out more about our services.<\/span><\/span><\/div>\n<div class=\"\"><span class=\"\" lang=\"EN-US\">\u00a0<\/span><\/div>\n<p><span style=\"color: #ffffff;\"><br class=\"\" \/><br class=\"\" \/>W\u00e4rtsil\u00e4nkatu 99, FI-04440 J\u00e4rvenp\u00e4\u00e4, Finland\u00a0<br class=\"\" \/><a style=\"color: #ffffff;\" href=\"tel:\/\/+358407563234\" target=\"_blank\" rel=\"noopener noreferrer\">+358 40 756 3234<\/a><\/span><\/p>\n<p><span style=\"color: #ffffff;\"><br class=\"\" \/><a class=\"\" style=\"color: #ffffff;\" href=\"mailto:jar.myynti@jarparo.com\">jar.myynti@jarparo.com<\/a><\/span><br \/>\n<span style=\"color: #ffffff;\"><a style=\"color: #ffffff;\" href=\"http:\/\/www.jarparo.com\" target=\"_blank\" rel=\"noopener noreferrer\">www.jarparo.com<\/a><\/span>[\/vc_column_text][\/vc_column_inner][\/vc_row_inner][\/vc_column][\/vc_row]<\/p>\n","protected":false},"excerpt":{"rendered":"<p>[vc_row][vc_column][vc_column_text] HISTORY OF THE COMPANY We have been delivering industrial products from the same facilities since the 60\u2019s. A part of the production network of Valmet \/ Metso Paper Purchased from Metso in 2013 by Walpella Separated from Walpella in 2014 [\/vc_column_text][vc_empty_space][\/vc_column][\/vc_row][vc_row][vc_column][vc_single_image image=&#8221;13554&#8243; img_size=&#8221;full&#8221;][vc_empty_space][\/vc_column][\/vc_row][vc_row][vc_column][vc_empty_space][vc_custom_heading text=&#8221;JARPARO OY&#8221; font_container=&#8221;tag:h2|text_align:left|color:%230062c4&#8243; google_fonts=&#8221;font_family:Open%20Sans%3A300%2C300italic%2Cregular%2Citalic%2C600%2C600italic%2C700%2C700italic%2C800%2C800italic|font_style:700%20bold%20regular%3A700%3Anormal&#8221;][vc_row_inner equal_height=&#8221;yes&#8221;][vc_column_inner width=&#8221;1\/3&#8243;][vc_column_text]CEO Pekka Bollstr\u00f6m +358 40 756 [&hellip;]<\/p>\n","protected":false},"author":3,"featured_media":0,"parent":0,"menu_order":0,"comment_status":"closed","ping_status":"closed","template":"","meta":{"footnotes":""},"class_list":["post-13552","page","type-page","status-publish","hentry"],"yoast_head":"<!-- This site is optimized with the Yoast SEO plugin v27.3 - https:\/\/yoast.com\/product\/yoast-seo-wordpress\/ -->\n<title>History - Jarparo sivusto<\/title>\n<meta name=\"description\" content=\"We have been delivering industrial products from the same facilities since the 60\u2019s.\" \/>\n<meta name=\"robots\" content=\"index, follow, max-snippet:-1, max-image-preview:large, max-video-preview:-1\" \/>\n<link rel=\"canonical\" href=\"https:\/\/jarparo.com\/en\/history\/\" \/>\n<meta property=\"og:locale\" content=\"en_US\" \/>\n<meta property=\"og:type\" content=\"article\" \/>\n<meta property=\"og:title\" content=\"History - Jarparo sivusto\" \/>\n<meta property=\"og:description\" content=\"We have been delivering industrial products from the same facilities since the 60\u2019s.\" \/>\n<meta property=\"og:url\" content=\"https:\/\/jarparo.com\/en\/history\/\" \/>\n<meta property=\"og:site_name\" content=\"Jarparo sivusto\" \/>\n<meta property=\"article:modified_time\" content=\"2021-01-22T22:12:37+00:00\" \/>\n<meta name=\"twitter:card\" content=\"summary_large_image\" \/>\n<meta name=\"twitter:label1\" content=\"Est. reading time\" \/>\n\t<meta name=\"twitter:data1\" content=\"3 minutes\" \/>\n<script type=\"application\/ld+json\" class=\"yoast-schema-graph\">{\"@context\":\"https:\\\/\\\/schema.org\",\"@graph\":[{\"@type\":\"WebPage\",\"@id\":\"https:\\\/\\\/jarparo.com\\\/en\\\/history\\\/\",\"url\":\"https:\\\/\\\/jarparo.com\\\/en\\\/history\\\/\",\"name\":\"History - Jarparo sivusto\",\"isPartOf\":{\"@id\":\"https:\\\/\\\/jarparo.com\\\/#website\"},\"datePublished\":\"2016-04-04T13:47:56+00:00\",\"dateModified\":\"2021-01-22T22:12:37+00:00\",\"description\":\"We have been delivering industrial products from the same facilities since the 60\u2019s.\",\"breadcrumb\":{\"@id\":\"https:\\\/\\\/jarparo.com\\\/en\\\/history\\\/#breadcrumb\"},\"inLanguage\":\"en-US\",\"potentialAction\":[{\"@type\":\"ReadAction\",\"target\":[\"https:\\\/\\\/jarparo.com\\\/en\\\/history\\\/\"]}]},{\"@type\":\"BreadcrumbList\",\"@id\":\"https:\\\/\\\/jarparo.com\\\/en\\\/history\\\/#breadcrumb\",\"itemListElement\":[{\"@type\":\"ListItem\",\"position\":1,\"name\":\"Home\",\"item\":\"https:\\\/\\\/jarparo.com\\\/en\\\/\"},{\"@type\":\"ListItem\",\"position\":2,\"name\":\"History\"}]},{\"@type\":\"WebSite\",\"@id\":\"https:\\\/\\\/jarparo.com\\\/#website\",\"url\":\"https:\\\/\\\/jarparo.com\\\/\",\"name\":\"Jarparo sivusto\",\"description\":\"innovatiiviset keksinn\u00f6t\",\"publisher\":{\"@id\":\"https:\\\/\\\/jarparo.com\\\/#organization\"},\"potentialAction\":[{\"@type\":\"SearchAction\",\"target\":{\"@type\":\"EntryPoint\",\"urlTemplate\":\"https:\\\/\\\/jarparo.com\\\/?s={search_term_string}\"},\"query-input\":{\"@type\":\"PropertyValueSpecification\",\"valueRequired\":true,\"valueName\":\"search_term_string\"}}],\"inLanguage\":\"en-US\"},{\"@type\":\"Organization\",\"@id\":\"https:\\\/\\\/jarparo.com\\\/#organization\",\"name\":\"Jarparo Oy\",\"url\":\"https:\\\/\\\/jarparo.com\\\/\",\"logo\":{\"@type\":\"ImageObject\",\"inLanguage\":\"en-US\",\"@id\":\"https:\\\/\\\/jarparo.com\\\/#\\\/schema\\\/logo\\\/image\\\/\",\"url\":\"https:\\\/\\\/jarparo.com\\\/wp-content\\\/uploads\\\/2016\\\/05\\\/UUSI_jarparo_logo_posa.png\",\"contentUrl\":\"https:\\\/\\\/jarparo.com\\\/wp-content\\\/uploads\\\/2016\\\/05\\\/UUSI_jarparo_logo_posa.png\",\"width\":190,\"height\":42,\"caption\":\"Jarparo Oy\"},\"image\":{\"@id\":\"https:\\\/\\\/jarparo.com\\\/#\\\/schema\\\/logo\\\/image\\\/\"}}]}<\/script>\n<!-- \/ Yoast SEO plugin. -->","yoast_head_json":{"title":"History - Jarparo sivusto","description":"We have been delivering industrial products from the same facilities since the 60\u2019s.","robots":{"index":"index","follow":"follow","max-snippet":"max-snippet:-1","max-image-preview":"max-image-preview:large","max-video-preview":"max-video-preview:-1"},"canonical":"https:\/\/jarparo.com\/en\/history\/","og_locale":"en_US","og_type":"article","og_title":"History - Jarparo sivusto","og_description":"We have been delivering industrial products from the same facilities since the 60\u2019s.","og_url":"https:\/\/jarparo.com\/en\/history\/","og_site_name":"Jarparo sivusto","article_modified_time":"2021-01-22T22:12:37+00:00","twitter_card":"summary_large_image","twitter_misc":{"Est. reading time":"3 minutes"},"schema":{"@context":"https:\/\/schema.org","@graph":[{"@type":"WebPage","@id":"https:\/\/jarparo.com\/en\/history\/","url":"https:\/\/jarparo.com\/en\/history\/","name":"History - Jarparo sivusto","isPartOf":{"@id":"https:\/\/jarparo.com\/#website"},"datePublished":"2016-04-04T13:47:56+00:00","dateModified":"2021-01-22T22:12:37+00:00","description":"We have been delivering industrial products from the same facilities since the 60\u2019s.","breadcrumb":{"@id":"https:\/\/jarparo.com\/en\/history\/#breadcrumb"},"inLanguage":"en-US","potentialAction":[{"@type":"ReadAction","target":["https:\/\/jarparo.com\/en\/history\/"]}]},{"@type":"BreadcrumbList","@id":"https:\/\/jarparo.com\/en\/history\/#breadcrumb","itemListElement":[{"@type":"ListItem","position":1,"name":"Home","item":"https:\/\/jarparo.com\/en\/"},{"@type":"ListItem","position":2,"name":"History"}]},{"@type":"WebSite","@id":"https:\/\/jarparo.com\/#website","url":"https:\/\/jarparo.com\/","name":"Jarparo sivusto","description":"innovatiiviset keksinn\u00f6t","publisher":{"@id":"https:\/\/jarparo.com\/#organization"},"potentialAction":[{"@type":"SearchAction","target":{"@type":"EntryPoint","urlTemplate":"https:\/\/jarparo.com\/?s={search_term_string}"},"query-input":{"@type":"PropertyValueSpecification","valueRequired":true,"valueName":"search_term_string"}}],"inLanguage":"en-US"},{"@type":"Organization","@id":"https:\/\/jarparo.com\/#organization","name":"Jarparo Oy","url":"https:\/\/jarparo.com\/","logo":{"@type":"ImageObject","inLanguage":"en-US","@id":"https:\/\/jarparo.com\/#\/schema\/logo\/image\/","url":"https:\/\/jarparo.com\/wp-content\/uploads\/2016\/05\/UUSI_jarparo_logo_posa.png","contentUrl":"https:\/\/jarparo.com\/wp-content\/uploads\/2016\/05\/UUSI_jarparo_logo_posa.png","width":190,"height":42,"caption":"Jarparo Oy"},"image":{"@id":"https:\/\/jarparo.com\/#\/schema\/logo\/image\/"}}]}},"_links":{"self":[{"href":"https:\/\/jarparo.com\/en\/wp-json\/wp\/v2\/pages\/13552","targetHints":{"allow":["GET"]}}],"collection":[{"href":"https:\/\/jarparo.com\/en\/wp-json\/wp\/v2\/pages"}],"about":[{"href":"https:\/\/jarparo.com\/en\/wp-json\/wp\/v2\/types\/page"}],"author":[{"embeddable":true,"href":"https:\/\/jarparo.com\/en\/wp-json\/wp\/v2\/users\/3"}],"replies":[{"embeddable":true,"href":"https:\/\/jarparo.com\/en\/wp-json\/wp\/v2\/comments?post=13552"}],"version-history":[{"count":16,"href":"https:\/\/jarparo.com\/en\/wp-json\/wp\/v2\/pages\/13552\/revisions"}],"predecessor-version":[{"id":14284,"href":"https:\/\/jarparo.com\/en\/wp-json\/wp\/v2\/pages\/13552\/revisions\/14284"}],"wp:attachment":[{"href":"https:\/\/jarparo.com\/en\/wp-json\/wp\/v2\/media?parent=13552"}],"curies":[{"name":"wp","href":"https:\/\/api.w.org\/{rel}","templated":true}]}}