{"id":13604,"date":"2016-04-04T18:48:22","date_gmt":"2016-04-04T15:48:22","guid":{"rendered":"http:\/\/www.jarparo.com\/?page_id=13604&#038;lang=en"},"modified":"2021-01-23T00:05:01","modified_gmt":"2021-01-22T22:05:01","slug":"assembly","status":"publish","type":"page","link":"https:\/\/jarparo.com\/en\/assembly\/","title":{"rendered":"Assembly"},"content":{"rendered":"<p>[vc_row css=&#8221;.vc_custom_1589453899880{margin-top: -50px !important;}&#8221;][vc_column][section_header use_decoration=&#8221;0&#8243; main_heading=&#8221;ASSEMBLY&#8221; text_align=&#8221;left&#8221; color=&#8221;#0062c4&#8243;][vc_empty_space height=&#8221;25px&#8221;][\/vc_column][\/vc_row][vc_row gap=&#8221;25&#8243;][vc_column width=&#8221;1\/2&#8243;][vc_single_image image=&#8221;14274&#8243; img_size=&#8221;534&#215;370&#8243;][vc_column_text]<\/p>\n<h4><span style=\"color: #0062c4;\">MAIN ASSEMBLY<\/span><\/h4>\n<p>Man Capasity (Own)\u00a0 950 h \/ vk<br \/>\nLifting Capasity 80 + 45 TON<br \/>\nMax workpiece heigh under crane 12 m<br \/>\nAssembly Rails in floor<br \/>\nFloor Max load 30 TON \/ m2<br \/>\nHydraulic Testing (2*450 l \/min) 150 bar<\/p>\n<h4><span style=\"color: #0062c4;\">AUTOMATION ASSEMBLY<\/span><\/h4>\n<p>Hydraulic<br \/>\nPneumatic<br \/>\nElectric<br \/>\nLogic<br \/>\nHydraulic Testing (2*450 l \/min) 150 bar<\/p>\n<h4><span style=\"color: #0062c4;\">MECATRONIC ASSEMBLY<\/span><\/h4>\n<p>Fine Mechanics<br \/>\nPrecision Bearings<br \/>\nPneumatics<br \/>\nControl Electronics[\/vc_column_text][\/vc_column][vc_column width=&#8221;1\/2&#8243;][vc_single_image image=&#8221;13609&#8243; img_size=&#8221;full&#8221;][vc_column_text]<\/p>\n<h4><span style=\"color: #0062c4;\"><strong>MAIN ASSEMBLY<\/strong><\/span><\/h4>\n<p>In main assembly, the customer\u2019s machine is assembled from the preassemblies and components including the automation to a ready product to be tested according to the customers specifications.[\/vc_column_text][vc_single_image image=&#8221;13610&#8243; img_size=&#8221;full&#8221;][vc_column_text]<\/p>\n<h4><span style=\"color: #0062c4;\">AUTOMATION ASSEMBLY<\/span><\/h4>\n<p>In automation assembly the automation cabinets and pre assemblies are assembled and tested either for the main assembly or to be sent directly to the customers site. Automation assembly consists of pneumatic, hydraulic and electrical assemblies.[\/vc_column_text][vc_single_image image=&#8221;13889&#8243; img_size=&#8221;full&#8221;][vc_column_text]<\/p>\n<h4><span style=\"color: #0062c4;\">MECATRONIC ASSEMBLY<\/span><\/h4>\n<p>In pre-assembly the smaller equipment and the preassemblies are assembled either to be used in the main assembly or to be sent directly to the customers or their service organizations.[\/vc_column_text][\/vc_column][\/vc_row][vc_row full_width=&#8221;stretch_row_content&#8221; expanded=&#8221;1,2&#8243; background_style=&#8221;fixed&#8221; css=&#8221;.vc_custom_1589453926345{margin-bottom: 0px !important;margin-left: 0px !important;padding-bottom: 0px !important;}&#8221; el_class=&#8221;row_map&#8221;][vc_column css=&#8221;.vc_custom_1460597743859{padding-right: 0px !important;padding-left: 0px !important;background-color: #444444 !important;}&#8221;][vc_row_inner css=&#8221;.vc_custom_1459264658485{padding-top: 35px !important;padding-right: 55px !important;padding-bottom: 0px !important;padding-left: 55px !important;background-color: #444444 !important;background-position: center !important;background-repeat: no-repeat !important;background-size: cover !important;}&#8221;][vc_column_inner width=&#8221;1\/4&#8243;][vc_single_image image=&#8221;13177&#8243; img_size=&#8221;180&#215;39&#8243;][vc_column_text]<\/p>\n<div class=\"\"><span style=\"color: #ffffff;\"><span class=\"\" lang=\"EN-US\">Jarparo Oy specializes in deliveries and co-operation of research and development of demanding industrial investment products. Typical deliveries are big and demanding machines for process- \/ energy industry which include high level of automation.\u00a0<\/span><span class=\"\">We offer also customization and R&amp;D services.<\/span><\/span><\/div>\n<p>[\/vc_column_text][\/vc_column_inner][vc_column_inner width=&#8221;1\/2&#8243; css=&#8221;.vc_custom_1459552975385{padding-top: 10px !important;}&#8221; offset=&#8221;vc_col-sm-offset-0&#8243;][vc_custom_heading text=&#8221;OUR LOCATION&#8221; font_container=&#8221;tag:h3|text_align:left|color:%23ffffff&#8221; use_theme_fonts=&#8221;yes&#8221; css=&#8221;.vc_custom_1459788478946{margin-left: 50px !important;}&#8221;][vc_single_image image=&#8221;13507&#8243; img_size=&#8221;full&#8221; onclick=&#8221;custom_link&#8221; link=&#8221;https:\/\/www.google.fi\/maps\/place\/Jarparo+Oy\/@60.500906,7.1344075,4z\/data=!4m2!3m1!1s0x468e00e6e6193efb:0xdec758c369381b0f&#8221; css=&#8221;.vc_custom_1459697084506{padding-bottom: -80px !important;}&#8221;][\/vc_column_inner][vc_column_inner width=&#8221;1\/4&#8243; offset=&#8221;vc_col-sm-offset-0&#8243;][vc_custom_heading text=&#8221;CONTACT US&#8221; font_container=&#8221;tag:h3|text_align:left|color:%23ffffff&#8221; use_theme_fonts=&#8221;yes&#8221;][vc_column_text css=&#8221;.vc_custom_1589453920882{padding-bottom: 20px !important;}&#8221;]<\/p>\n<div class=\"\"><span style=\"color: #ffffff;\"><span class=\"\">We are developing constantly our operations and services.\u00a0<\/span><span class=\"\" lang=\"EN-US\">We are also developing our spread of customers to include a larger field of industry. We pursue to find the best raw material, energy and cost efficient alternatives to our customers. Please contact us to find out more about our services.<\/span><\/span><\/div>\n<div class=\"\"><span class=\"\" lang=\"EN-US\">\u00a0<\/span><\/div>\n<p><span style=\"color: #ffffff;\"><br class=\"\" \/><br class=\"\" \/>W\u00e4rtsil\u00e4nkatu 99, FI-04440 J\u00e4rvenp\u00e4\u00e4, Finland\u00a0<br class=\"\" \/><a style=\"color: #ffffff;\" href=\"tel:\/\/+358407563234\" target=\"_blank\" rel=\"noopener noreferrer\">+358 40 756 3234<\/a><\/span><\/p>\n<p><span style=\"color: #ffffff;\"><br class=\"\" \/><a class=\"\" style=\"color: #ffffff;\" href=\"mailto:jar.myynti@jarparo.com\">jar.myynti@jarparo.com<\/a><\/span><br \/>\n<span style=\"color: #ffffff;\"><a style=\"color: #ffffff;\" href=\"http:\/\/www.jarparo.com\" target=\"_blank\" rel=\"noopener noreferrer\">www.jarparo.com<\/a><\/span>[\/vc_column_text][\/vc_column_inner][\/vc_row_inner][\/vc_column][\/vc_row]<\/p>\n","protected":false},"excerpt":{"rendered":"<p>[vc_row css=&#8221;.vc_custom_1589453899880{margin-top: -50px !important;}&#8221;][vc_column][section_header use_decoration=&#8221;0&#8243; main_heading=&#8221;ASSEMBLY&#8221; text_align=&#8221;left&#8221; color=&#8221;#0062c4&#8243;][vc_empty_space height=&#8221;25px&#8221;][\/vc_column][\/vc_row][vc_row gap=&#8221;25&#8243;][vc_column width=&#8221;1\/2&#8243;][vc_single_image image=&#8221;14274&#8243; img_size=&#8221;534&#215;370&#8243;][vc_column_text] MAIN ASSEMBLY Man Capasity (Own)\u00a0 950 h \/ vk Lifting Capasity 80 + 45 TON Max workpiece heigh under crane 12 m Assembly Rails in floor Floor Max load 30 TON \/ m2 Hydraulic Testing (2*450 l \/min) 150 bar AUTOMATION ASSEMBLY [&hellip;]<\/p>\n","protected":false},"author":3,"featured_media":0,"parent":0,"menu_order":0,"comment_status":"closed","ping_status":"closed","template":"","meta":{"footnotes":""},"class_list":["post-13604","page","type-page","status-publish","hentry"],"yoast_head":"<!-- This site is optimized with the Yoast SEO plugin v27.3 - https:\/\/yoast.com\/product\/yoast-seo-wordpress\/ -->\n<title>Assembly - Jarparo sivusto<\/title>\n<meta name=\"description\" content=\"Main assembly. Automation assembly. Mechatronic assembly. The service includes: assembly, testing, measuring and drawing up the required testing protocols.\" \/>\n<meta name=\"robots\" content=\"index, follow, max-snippet:-1, max-image-preview:large, max-video-preview:-1\" \/>\n<link rel=\"canonical\" href=\"https:\/\/jarparo.com\/en\/assembly\/\" \/>\n<meta property=\"og:locale\" content=\"en_US\" \/>\n<meta property=\"og:type\" content=\"article\" \/>\n<meta property=\"og:title\" content=\"Assembly - Jarparo sivusto\" \/>\n<meta property=\"og:description\" content=\"Main assembly. Automation assembly. Mechatronic assembly. The service includes: assembly, testing, measuring and drawing up the required testing protocols.\" \/>\n<meta property=\"og:url\" content=\"https:\/\/jarparo.com\/en\/assembly\/\" \/>\n<meta property=\"og:site_name\" content=\"Jarparo sivusto\" \/>\n<meta property=\"article:modified_time\" content=\"2021-01-22T22:05:01+00:00\" \/>\n<meta name=\"twitter:card\" content=\"summary_large_image\" \/>\n<meta name=\"twitter:label1\" content=\"Est. reading time\" \/>\n\t<meta name=\"twitter:data1\" content=\"3 minutes\" \/>\n<script type=\"application\/ld+json\" class=\"yoast-schema-graph\">{\"@context\":\"https:\\\/\\\/schema.org\",\"@graph\":[{\"@type\":\"WebPage\",\"@id\":\"https:\\\/\\\/jarparo.com\\\/en\\\/assembly\\\/\",\"url\":\"https:\\\/\\\/jarparo.com\\\/en\\\/assembly\\\/\",\"name\":\"Assembly - Jarparo sivusto\",\"isPartOf\":{\"@id\":\"https:\\\/\\\/jarparo.com\\\/#website\"},\"datePublished\":\"2016-04-04T15:48:22+00:00\",\"dateModified\":\"2021-01-22T22:05:01+00:00\",\"description\":\"Main assembly. Automation assembly. Mechatronic assembly. The service includes: assembly, testing, measuring and drawing up the required testing protocols.\",\"breadcrumb\":{\"@id\":\"https:\\\/\\\/jarparo.com\\\/en\\\/assembly\\\/#breadcrumb\"},\"inLanguage\":\"en-US\",\"potentialAction\":[{\"@type\":\"ReadAction\",\"target\":[\"https:\\\/\\\/jarparo.com\\\/en\\\/assembly\\\/\"]}]},{\"@type\":\"BreadcrumbList\",\"@id\":\"https:\\\/\\\/jarparo.com\\\/en\\\/assembly\\\/#breadcrumb\",\"itemListElement\":[{\"@type\":\"ListItem\",\"position\":1,\"name\":\"Home\",\"item\":\"https:\\\/\\\/jarparo.com\\\/en\\\/\"},{\"@type\":\"ListItem\",\"position\":2,\"name\":\"Assembly\"}]},{\"@type\":\"WebSite\",\"@id\":\"https:\\\/\\\/jarparo.com\\\/#website\",\"url\":\"https:\\\/\\\/jarparo.com\\\/\",\"name\":\"Jarparo sivusto\",\"description\":\"innovatiiviset keksinn\u00f6t\",\"publisher\":{\"@id\":\"https:\\\/\\\/jarparo.com\\\/#organization\"},\"potentialAction\":[{\"@type\":\"SearchAction\",\"target\":{\"@type\":\"EntryPoint\",\"urlTemplate\":\"https:\\\/\\\/jarparo.com\\\/?s={search_term_string}\"},\"query-input\":{\"@type\":\"PropertyValueSpecification\",\"valueRequired\":true,\"valueName\":\"search_term_string\"}}],\"inLanguage\":\"en-US\"},{\"@type\":\"Organization\",\"@id\":\"https:\\\/\\\/jarparo.com\\\/#organization\",\"name\":\"Jarparo Oy\",\"url\":\"https:\\\/\\\/jarparo.com\\\/\",\"logo\":{\"@type\":\"ImageObject\",\"inLanguage\":\"en-US\",\"@id\":\"https:\\\/\\\/jarparo.com\\\/#\\\/schema\\\/logo\\\/image\\\/\",\"url\":\"https:\\\/\\\/jarparo.com\\\/wp-content\\\/uploads\\\/2016\\\/05\\\/UUSI_jarparo_logo_posa.png\",\"contentUrl\":\"https:\\\/\\\/jarparo.com\\\/wp-content\\\/uploads\\\/2016\\\/05\\\/UUSI_jarparo_logo_posa.png\",\"width\":190,\"height\":42,\"caption\":\"Jarparo Oy\"},\"image\":{\"@id\":\"https:\\\/\\\/jarparo.com\\\/#\\\/schema\\\/logo\\\/image\\\/\"}}]}<\/script>\n<!-- \/ Yoast SEO plugin. -->","yoast_head_json":{"title":"Assembly - Jarparo sivusto","description":"Main assembly. Automation assembly. Mechatronic assembly. The service includes: assembly, testing, measuring and drawing up the required testing protocols.","robots":{"index":"index","follow":"follow","max-snippet":"max-snippet:-1","max-image-preview":"max-image-preview:large","max-video-preview":"max-video-preview:-1"},"canonical":"https:\/\/jarparo.com\/en\/assembly\/","og_locale":"en_US","og_type":"article","og_title":"Assembly - Jarparo sivusto","og_description":"Main assembly. Automation assembly. Mechatronic assembly. The service includes: assembly, testing, measuring and drawing up the required testing protocols.","og_url":"https:\/\/jarparo.com\/en\/assembly\/","og_site_name":"Jarparo sivusto","article_modified_time":"2021-01-22T22:05:01+00:00","twitter_card":"summary_large_image","twitter_misc":{"Est. reading time":"3 minutes"},"schema":{"@context":"https:\/\/schema.org","@graph":[{"@type":"WebPage","@id":"https:\/\/jarparo.com\/en\/assembly\/","url":"https:\/\/jarparo.com\/en\/assembly\/","name":"Assembly - Jarparo sivusto","isPartOf":{"@id":"https:\/\/jarparo.com\/#website"},"datePublished":"2016-04-04T15:48:22+00:00","dateModified":"2021-01-22T22:05:01+00:00","description":"Main assembly. Automation assembly. Mechatronic assembly. The service includes: assembly, testing, measuring and drawing up the required testing protocols.","breadcrumb":{"@id":"https:\/\/jarparo.com\/en\/assembly\/#breadcrumb"},"inLanguage":"en-US","potentialAction":[{"@type":"ReadAction","target":["https:\/\/jarparo.com\/en\/assembly\/"]}]},{"@type":"BreadcrumbList","@id":"https:\/\/jarparo.com\/en\/assembly\/#breadcrumb","itemListElement":[{"@type":"ListItem","position":1,"name":"Home","item":"https:\/\/jarparo.com\/en\/"},{"@type":"ListItem","position":2,"name":"Assembly"}]},{"@type":"WebSite","@id":"https:\/\/jarparo.com\/#website","url":"https:\/\/jarparo.com\/","name":"Jarparo sivusto","description":"innovatiiviset keksinn\u00f6t","publisher":{"@id":"https:\/\/jarparo.com\/#organization"},"potentialAction":[{"@type":"SearchAction","target":{"@type":"EntryPoint","urlTemplate":"https:\/\/jarparo.com\/?s={search_term_string}"},"query-input":{"@type":"PropertyValueSpecification","valueRequired":true,"valueName":"search_term_string"}}],"inLanguage":"en-US"},{"@type":"Organization","@id":"https:\/\/jarparo.com\/#organization","name":"Jarparo Oy","url":"https:\/\/jarparo.com\/","logo":{"@type":"ImageObject","inLanguage":"en-US","@id":"https:\/\/jarparo.com\/#\/schema\/logo\/image\/","url":"https:\/\/jarparo.com\/wp-content\/uploads\/2016\/05\/UUSI_jarparo_logo_posa.png","contentUrl":"https:\/\/jarparo.com\/wp-content\/uploads\/2016\/05\/UUSI_jarparo_logo_posa.png","width":190,"height":42,"caption":"Jarparo Oy"},"image":{"@id":"https:\/\/jarparo.com\/#\/schema\/logo\/image\/"}}]}},"_links":{"self":[{"href":"https:\/\/jarparo.com\/en\/wp-json\/wp\/v2\/pages\/13604","targetHints":{"allow":["GET"]}}],"collection":[{"href":"https:\/\/jarparo.com\/en\/wp-json\/wp\/v2\/pages"}],"about":[{"href":"https:\/\/jarparo.com\/en\/wp-json\/wp\/v2\/types\/page"}],"author":[{"embeddable":true,"href":"https:\/\/jarparo.com\/en\/wp-json\/wp\/v2\/users\/3"}],"replies":[{"embeddable":true,"href":"https:\/\/jarparo.com\/en\/wp-json\/wp\/v2\/comments?post=13604"}],"version-history":[{"count":19,"href":"https:\/\/jarparo.com\/en\/wp-json\/wp\/v2\/pages\/13604\/revisions"}],"predecessor-version":[{"id":14438,"href":"https:\/\/jarparo.com\/en\/wp-json\/wp\/v2\/pages\/13604\/revisions\/14438"}],"wp:attachment":[{"href":"https:\/\/jarparo.com\/en\/wp-json\/wp\/v2\/media?parent=13604"}],"curies":[{"name":"wp","href":"https:\/\/api.w.org\/{rel}","templated":true}]}}