{"id":13613,"date":"2016-04-04T18:51:18","date_gmt":"2016-04-04T15:51:18","guid":{"rendered":"http:\/\/www.jarparo.com\/?page_id=13613&#038;lang=en"},"modified":"2021-01-23T00:06:09","modified_gmt":"2021-01-22T22:06:09","slug":"machinery","status":"publish","type":"page","link":"https:\/\/jarparo.com\/en\/machinery\/","title":{"rendered":"Machinery"},"content":{"rendered":"<p>[vc_row full_width=&#8221;stretch_row&#8221; css=&#8221;.vc_custom_1589454065628{margin-top: -50px !important;}&#8221;][vc_column][section_header use_decoration=&#8221;0&#8243; main_heading=&#8221;MACHINERY&#8221; text_align=&#8221;left&#8221; color=&#8221;#0062c4&#8243;][vc_empty_space height=&#8221;25px&#8221;][\/vc_column][\/vc_row][vc_row][vc_column width=&#8221;2\/3&#8243;][vc_column_text]<\/p>\n<div class=\"page\" title=\"Page 1\">\n<div class=\"layoutArea\">\n<div class=\"column\">\n<h4><span style=\"color: #0062c4;\">MACHINE TOOLS<\/span><\/h4>\n<\/div>\n<\/div>\n<\/div>\n<p>&nbsp;<\/p>\n<p>Planer Waldrich Siegen EHS 1750\/1800 G45715<br \/>\nBoring and milling machine SHW UF 6 G46636<br \/>\nBoring and milling machine Toshiba BSF 160S (Frame) G46654<br \/>\nFurnace G48401<br \/>\nBalancing machine Schenck CAB 720<br \/>\nDemanding industrial optical measurements using the following equipment:<br \/>\ntheodolite, levelling machine, tachymeter, prism[\/vc_column_text][vc_column_text]<\/p>\n<h4><span style=\"color: #0062c4;\">WELDING EQUIPMENT<\/span><\/h4>\n<p>Demanding welded structures from carbon steel<br \/>\nto acid proof materials.Welding methods MIG, MAG, TIG, MMA, SAW.[\/vc_column_text][\/vc_column][vc_column width=&#8221;1\/3&#8243;][vc_single_image image=&#8221;13882&#8243; img_size=&#8221;full&#8221;][vc_column_text]<\/p>\n<h6><span style=\"color: #333333;\">Boring and milling machine<\/span><br \/>\n<span style=\"color: #333333;\">Toshiba BSF 160S (Frame)<\/span><\/h6>\n<p>Machine type boring and milling machine<br \/>\nStart-up (year) 1990<br \/>\nX-dimension (mm) 24000<br \/>\nY-dimension (mm) 4500<br \/>\nZ-dimension (mm) 1900<br \/>\nMax. load (kg) 70000<br \/>\nControl Heidenhain iTNC 530[\/vc_column_text][\/vc_column][\/vc_row][vc_row][vc_column width=&#8221;1\/3&#8243;][vc_single_image image=&#8221;13884&#8243; img_size=&#8221;full&#8221;][vc_column_text]<\/p>\n<h6><span style=\"color: #333333;\">Planer<\/span><br \/>\n<span style=\"color: #333333;\">Waldrich Siegen EHS 1750\/1800<\/span><\/h6>\n<p>Machine type Planer<br \/>\nStart-up (year) 1968<br \/>\nX-dimension (mm) (mm) 12000<br \/>\nY-dimension (mm) 1800<br \/>\nZ-dimension (mm) 1750<br \/>\nMax. load (kg) 45000<br \/>\nControl Heidenhain iTNC 530[\/vc_column_text][\/vc_column][vc_column width=&#8221;1\/3&#8243;][vc_single_image image=&#8221;12733&#8243; img_size=&#8221;full&#8221;][vc_column_text]<\/p>\n<h6><span style=\"color: #333333;\">Boring and milling machine<\/span><br \/>\n<span style=\"color: #333333;\">SHW UF 6<\/span><\/h6>\n<p>Machine type boring and milling machine<br \/>\nStart-up (year) 1984<br \/>\nX-dimension (mm) 9000<br \/>\nY-dimension (mm) 2450<br \/>\nZ-dimension (mm) 1500<br \/>\nMax. load (kg) 10000<br \/>\nControl Heidenhain iTNC 530[\/vc_column_text][\/vc_column][vc_column width=&#8221;1\/3&#8243;][vc_single_image image=&#8221;12728&#8243; img_size=&#8221;full&#8221;][vc_column_text]<\/p>\n<h6><span style=\"color: #333333;\">Straightening press<\/span><br \/>\n<span style=\"color: #333333;\">Jenny HV R 500 F<\/span><\/h6>\n<p>Sheet metal equipment<br \/>\nCompression power 400 tons<br \/>\nInsertion width 1000 mm<br \/>\nPad guard spread 0-2800 mm<br \/>\nPad guard height 1000 mm<br \/>\nStroke length 500 mm[\/vc_column_text][\/vc_column][\/vc_row][vc_row][vc_column width=&#8221;1\/3&#8243;][vc_single_image image=&#8221;12729&#8243; img_size=&#8221;full&#8221;][vc_column_text]<\/p>\n<h6><span style=\"color: #333333;\">Welding<\/span><\/h6>\n<p>Mig<br \/>\nMag<br \/>\nSubmerged arc welding<br \/>\nTig<br \/>\nManual metal arc welding[\/vc_column_text][\/vc_column][vc_column width=&#8221;1\/3&#8243;][vc_single_image image=&#8221;12730&#8243; img_size=&#8221;full&#8221;][vc_column_text]<\/p>\n<h6><span style=\"color: #333333;\">Heat treatment<\/span><\/h6>\n<p>Stress relief annealing<br \/>\nStart-up (year) 1975<br \/>\nLength size of furnace max. (mm) 14000<br \/>\nHeight size of furnace max. (mm) 4000<br \/>\nWidth size of furnace max.(mm) 5100<br \/>\nMax. load (kg) 75000<br \/>\nMax 650 Celsius[\/vc_column_text][\/vc_column][vc_column width=&#8221;1\/3&#8243;][vc_single_image image=&#8221;13880&#8243; img_size=&#8221;full&#8221;][vc_column_text]<\/p>\n<h6><span style=\"color: #333333;\">Dynamic balancing services<\/span><\/h6>\n<p>Shafts, rotors and small rolls<br \/>\nSchenk balancing machine CAB 720<br \/>\nWork piece lenght max 1800 mm<br \/>\nWork piece diameter max 300 mm<br \/>\nWork piece weight max 300 kg<br \/>\nBelt drive[\/vc_column_text][\/vc_column][\/vc_row][vc_row full_width=&#8221;stretch_row_content&#8221; expanded=&#8221;1,2&#8243; background_style=&#8221;fixed&#8221; css=&#8221;.vc_custom_1589453972836{margin-bottom: 0px !important;margin-left: 0px !important;padding-bottom: 0px !important;}&#8221; el_class=&#8221;row_map&#8221;][vc_column css=&#8221;.vc_custom_1460597473567{padding-right: 0px !important;padding-left: 0px !important;background-color: #444444 !important;}&#8221;][vc_row_inner css=&#8221;.vc_custom_1459264658485{padding-top: 35px !important;padding-right: 55px !important;padding-bottom: 0px !important;padding-left: 55px !important;background-color: #444444 !important;background-position: center !important;background-repeat: no-repeat !important;background-size: cover !important;}&#8221;][vc_column_inner width=&#8221;1\/4&#8243;][vc_single_image image=&#8221;13177&#8243; img_size=&#8221;200&#215;50&#8243;][vc_column_text]<\/p>\n<div><span style=\"color: #ffffff;\"><span lang=\"EN-US\">Jarparo Oy specializes in deliveries and co-operation of research and development of demanding industrial investment products. Typical deliveries are big and demanding machines for process- \/ energy industry which include high level of automation.\u00a0<\/span>We offer also customization and R&amp;D services.<\/span><\/div>\n<p>[\/vc_column_text][\/vc_column_inner][vc_column_inner width=&#8221;1\/2&#8243; css=&#8221;.vc_custom_1459552975385{padding-top: 10px !important;}&#8221; offset=&#8221;vc_col-sm-offset-0&#8243;][vc_custom_heading text=&#8221;OUR LOCATION&#8221; font_container=&#8221;tag:h3|text_align:left|color:%23ffffff&#8221; use_theme_fonts=&#8221;yes&#8221; css=&#8221;.vc_custom_1459788478946{margin-left: 50px !important;}&#8221;][vc_single_image image=&#8221;13507&#8243; img_size=&#8221;full&#8221; onclick=&#8221;custom_link&#8221; link=&#8221;https:\/\/www.google.fi\/maps\/place\/Jarparo+Oy\/@60.500906,7.1344075,4z\/data=!4m2!3m1!1s0x468e00e6e6193efb:0xdec758c369381b0f&#8221; css=&#8221;.vc_custom_1459697084506{padding-bottom: -80px !important;}&#8221;][\/vc_column_inner][vc_column_inner width=&#8221;1\/4&#8243; offset=&#8221;vc_col-sm-offset-0&#8243;][vc_custom_heading text=&#8221;CONTACT US&#8221; font_container=&#8221;tag:h3|text_align:left|color:%23ffffff&#8221; use_theme_fonts=&#8221;yes&#8221;][vc_column_text css=&#8221;.vc_custom_1589453967625{padding-bottom: 20px !important;}&#8221;]<\/p>\n<div><span style=\"color: #ffffff;\">We are developing constantly our operations and services.\u00a0<span lang=\"EN-US\">We are also developing our spread of customers to include a larger field of industry. We pursue to find the best raw material, energy and cost efficient alternatives to our customers. Please contact us to find out more about our services.<\/span><\/span><\/div>\n<div><span lang=\"EN-US\">\u00a0<\/span><\/div>\n<p>&nbsp;<\/p>\n<p><span style=\"color: #ffffff;\">W\u00e4rtsil\u00e4nkatu 99, FI-04440 J\u00e4rvenp\u00e4\u00e4, Finland<br \/>\n<a style=\"color: #ffffff;\" href=\"tel:\/\/+358407563234\" target=\"_blank\" rel=\"noopener noreferrer\">+358 40 756 3234<\/a><\/span><\/p>\n<p><span style=\"color: #ffffff;\"><br \/>\n<a style=\"color: #ffffff;\" href=\"mailto:jar.myynti@jarparo.com\">jar.myynti@jarparo.com<\/a><\/span><br \/>\n<span style=\"color: #ffffff;\"><a style=\"color: #ffffff;\" href=\"http:\/\/www.jarparo.com\" target=\"_blank\" rel=\"noopener noreferrer\">www.jarparo.com<\/a><\/span>[\/vc_column_text][\/vc_column_inner][\/vc_row_inner][\/vc_column][\/vc_row]<\/p>\n","protected":false},"excerpt":{"rendered":"<p>[vc_row full_width=&#8221;stretch_row&#8221; css=&#8221;.vc_custom_1589454065628{margin-top: -50px !important;}&#8221;][vc_column][section_header use_decoration=&#8221;0&#8243; main_heading=&#8221;MACHINERY&#8221; text_align=&#8221;left&#8221; color=&#8221;#0062c4&#8243;][vc_empty_space height=&#8221;25px&#8221;][\/vc_column][\/vc_row][vc_row][vc_column width=&#8221;2\/3&#8243;][vc_column_text] MACHINE TOOLS &nbsp; Planer Waldrich Siegen EHS 1750\/1800 G45715 Boring and milling machine SHW UF 6 G46636 Boring and milling machine Toshiba BSF 160S (Frame) G46654 Furnace G48401 Balancing machine Schenck CAB 720 Demanding industrial optical measurements using the following equipment: theodolite, levelling machine, [&hellip;]<\/p>\n","protected":false},"author":3,"featured_media":0,"parent":0,"menu_order":0,"comment_status":"closed","ping_status":"closed","template":"","meta":{"footnotes":""},"class_list":["post-13613","page","type-page","status-publish","hentry"],"yoast_head":"<!-- This site is optimized with the Yoast SEO plugin v27.3 - https:\/\/yoast.com\/product\/yoast-seo-wordpress\/ -->\n<title>Machinery - Jarparo sivusto<\/title>\n<meta name=\"description\" content=\"Our equipment is optimal when manufacturing big and demanding workpieces. Smaller parts we subcontract from our subcontracting network.\" \/>\n<meta name=\"robots\" content=\"index, follow, max-snippet:-1, max-image-preview:large, max-video-preview:-1\" \/>\n<link rel=\"canonical\" href=\"https:\/\/jarparo.com\/en\/machinery\/\" \/>\n<meta property=\"og:locale\" content=\"en_US\" \/>\n<meta property=\"og:type\" content=\"article\" \/>\n<meta property=\"og:title\" content=\"Machinery - Jarparo sivusto\" \/>\n<meta property=\"og:description\" content=\"Our equipment is optimal when manufacturing big and demanding workpieces. Smaller parts we subcontract from our subcontracting network.\" \/>\n<meta property=\"og:url\" content=\"https:\/\/jarparo.com\/en\/machinery\/\" \/>\n<meta property=\"og:site_name\" content=\"Jarparo sivusto\" \/>\n<meta property=\"article:modified_time\" content=\"2021-01-22T22:06:09+00:00\" \/>\n<meta name=\"twitter:card\" content=\"summary_large_image\" \/>\n<meta name=\"twitter:label1\" content=\"Est. reading time\" \/>\n\t<meta name=\"twitter:data1\" content=\"4 minutes\" \/>\n<script type=\"application\/ld+json\" class=\"yoast-schema-graph\">{\"@context\":\"https:\\\/\\\/schema.org\",\"@graph\":[{\"@type\":\"WebPage\",\"@id\":\"https:\\\/\\\/jarparo.com\\\/en\\\/machinery\\\/\",\"url\":\"https:\\\/\\\/jarparo.com\\\/en\\\/machinery\\\/\",\"name\":\"Machinery - Jarparo sivusto\",\"isPartOf\":{\"@id\":\"https:\\\/\\\/jarparo.com\\\/#website\"},\"datePublished\":\"2016-04-04T15:51:18+00:00\",\"dateModified\":\"2021-01-22T22:06:09+00:00\",\"description\":\"Our equipment is optimal when manufacturing big and demanding workpieces. Smaller parts we subcontract from our subcontracting network.\",\"breadcrumb\":{\"@id\":\"https:\\\/\\\/jarparo.com\\\/en\\\/machinery\\\/#breadcrumb\"},\"inLanguage\":\"en-US\",\"potentialAction\":[{\"@type\":\"ReadAction\",\"target\":[\"https:\\\/\\\/jarparo.com\\\/en\\\/machinery\\\/\"]}]},{\"@type\":\"BreadcrumbList\",\"@id\":\"https:\\\/\\\/jarparo.com\\\/en\\\/machinery\\\/#breadcrumb\",\"itemListElement\":[{\"@type\":\"ListItem\",\"position\":1,\"name\":\"Home\",\"item\":\"https:\\\/\\\/jarparo.com\\\/en\\\/\"},{\"@type\":\"ListItem\",\"position\":2,\"name\":\"Machinery\"}]},{\"@type\":\"WebSite\",\"@id\":\"https:\\\/\\\/jarparo.com\\\/#website\",\"url\":\"https:\\\/\\\/jarparo.com\\\/\",\"name\":\"Jarparo sivusto\",\"description\":\"innovatiiviset keksinn\u00f6t\",\"publisher\":{\"@id\":\"https:\\\/\\\/jarparo.com\\\/#organization\"},\"potentialAction\":[{\"@type\":\"SearchAction\",\"target\":{\"@type\":\"EntryPoint\",\"urlTemplate\":\"https:\\\/\\\/jarparo.com\\\/?s={search_term_string}\"},\"query-input\":{\"@type\":\"PropertyValueSpecification\",\"valueRequired\":true,\"valueName\":\"search_term_string\"}}],\"inLanguage\":\"en-US\"},{\"@type\":\"Organization\",\"@id\":\"https:\\\/\\\/jarparo.com\\\/#organization\",\"name\":\"Jarparo Oy\",\"url\":\"https:\\\/\\\/jarparo.com\\\/\",\"logo\":{\"@type\":\"ImageObject\",\"inLanguage\":\"en-US\",\"@id\":\"https:\\\/\\\/jarparo.com\\\/#\\\/schema\\\/logo\\\/image\\\/\",\"url\":\"https:\\\/\\\/jarparo.com\\\/wp-content\\\/uploads\\\/2016\\\/05\\\/UUSI_jarparo_logo_posa.png\",\"contentUrl\":\"https:\\\/\\\/jarparo.com\\\/wp-content\\\/uploads\\\/2016\\\/05\\\/UUSI_jarparo_logo_posa.png\",\"width\":190,\"height\":42,\"caption\":\"Jarparo Oy\"},\"image\":{\"@id\":\"https:\\\/\\\/jarparo.com\\\/#\\\/schema\\\/logo\\\/image\\\/\"}}]}<\/script>\n<!-- \/ Yoast SEO plugin. -->","yoast_head_json":{"title":"Machinery - Jarparo sivusto","description":"Our equipment is optimal when manufacturing big and demanding workpieces. Smaller parts we subcontract from our subcontracting network.","robots":{"index":"index","follow":"follow","max-snippet":"max-snippet:-1","max-image-preview":"max-image-preview:large","max-video-preview":"max-video-preview:-1"},"canonical":"https:\/\/jarparo.com\/en\/machinery\/","og_locale":"en_US","og_type":"article","og_title":"Machinery - Jarparo sivusto","og_description":"Our equipment is optimal when manufacturing big and demanding workpieces. Smaller parts we subcontract from our subcontracting network.","og_url":"https:\/\/jarparo.com\/en\/machinery\/","og_site_name":"Jarparo sivusto","article_modified_time":"2021-01-22T22:06:09+00:00","twitter_card":"summary_large_image","twitter_misc":{"Est. reading time":"4 minutes"},"schema":{"@context":"https:\/\/schema.org","@graph":[{"@type":"WebPage","@id":"https:\/\/jarparo.com\/en\/machinery\/","url":"https:\/\/jarparo.com\/en\/machinery\/","name":"Machinery - Jarparo sivusto","isPartOf":{"@id":"https:\/\/jarparo.com\/#website"},"datePublished":"2016-04-04T15:51:18+00:00","dateModified":"2021-01-22T22:06:09+00:00","description":"Our equipment is optimal when manufacturing big and demanding workpieces. Smaller parts we subcontract from our subcontracting network.","breadcrumb":{"@id":"https:\/\/jarparo.com\/en\/machinery\/#breadcrumb"},"inLanguage":"en-US","potentialAction":[{"@type":"ReadAction","target":["https:\/\/jarparo.com\/en\/machinery\/"]}]},{"@type":"BreadcrumbList","@id":"https:\/\/jarparo.com\/en\/machinery\/#breadcrumb","itemListElement":[{"@type":"ListItem","position":1,"name":"Home","item":"https:\/\/jarparo.com\/en\/"},{"@type":"ListItem","position":2,"name":"Machinery"}]},{"@type":"WebSite","@id":"https:\/\/jarparo.com\/#website","url":"https:\/\/jarparo.com\/","name":"Jarparo sivusto","description":"innovatiiviset keksinn\u00f6t","publisher":{"@id":"https:\/\/jarparo.com\/#organization"},"potentialAction":[{"@type":"SearchAction","target":{"@type":"EntryPoint","urlTemplate":"https:\/\/jarparo.com\/?s={search_term_string}"},"query-input":{"@type":"PropertyValueSpecification","valueRequired":true,"valueName":"search_term_string"}}],"inLanguage":"en-US"},{"@type":"Organization","@id":"https:\/\/jarparo.com\/#organization","name":"Jarparo Oy","url":"https:\/\/jarparo.com\/","logo":{"@type":"ImageObject","inLanguage":"en-US","@id":"https:\/\/jarparo.com\/#\/schema\/logo\/image\/","url":"https:\/\/jarparo.com\/wp-content\/uploads\/2016\/05\/UUSI_jarparo_logo_posa.png","contentUrl":"https:\/\/jarparo.com\/wp-content\/uploads\/2016\/05\/UUSI_jarparo_logo_posa.png","width":190,"height":42,"caption":"Jarparo Oy"},"image":{"@id":"https:\/\/jarparo.com\/#\/schema\/logo\/image\/"}}]}},"_links":{"self":[{"href":"https:\/\/jarparo.com\/en\/wp-json\/wp\/v2\/pages\/13613","targetHints":{"allow":["GET"]}}],"collection":[{"href":"https:\/\/jarparo.com\/en\/wp-json\/wp\/v2\/pages"}],"about":[{"href":"https:\/\/jarparo.com\/en\/wp-json\/wp\/v2\/types\/page"}],"author":[{"embeddable":true,"href":"https:\/\/jarparo.com\/en\/wp-json\/wp\/v2\/users\/3"}],"replies":[{"embeddable":true,"href":"https:\/\/jarparo.com\/en\/wp-json\/wp\/v2\/comments?post=13613"}],"version-history":[{"count":22,"href":"https:\/\/jarparo.com\/en\/wp-json\/wp\/v2\/pages\/13613\/revisions"}],"predecessor-version":[{"id":14278,"href":"https:\/\/jarparo.com\/en\/wp-json\/wp\/v2\/pages\/13613\/revisions\/14278"}],"wp:attachment":[{"href":"https:\/\/jarparo.com\/en\/wp-json\/wp\/v2\/media?parent=13613"}],"curies":[{"name":"wp","href":"https:\/\/api.w.org\/{rel}","templated":true}]}}