{"id":14139,"date":"2015-03-06T07:32:20","date_gmt":"2015-03-06T05:32:20","guid":{"rendered":"https:\/\/jarparo.com\/palvelut\/"},"modified":"2021-01-23T00:05:37","modified_gmt":"2021-01-22T22:05:37","slug":"services-2","status":"publish","type":"page","link":"https:\/\/jarparo.com\/en\/services-2\/","title":{"rendered":"Services"},"content":{"rendered":"<p>[vc_row background_style=&#8221;cover&#8221; css=&#8221;.vc_custom_1589404658316{margin-top: -50px !important;margin-right: 0px !important;margin-bottom: 15px !important;}&#8221;][vc_column][vc_custom_heading text=&#8221;ALL SERVICES&#8221; font_container=&#8221;tag:h2|text_align:left|color:%230062c4&#8243; use_theme_fonts=&#8221;yes&#8221;][vc_empty_space][\/vc_column][vc_column width=&#8221;1\/4&#8243; css=&#8221;.vc_custom_1429845004850{margin-bottom: 20px !important;}&#8221;][vc_row_inner css=&#8221;.vc_custom_1429500981341{margin-bottom: 20px !important;}&#8221;][vc_column_inner css=&#8221;.vc_custom_1460593429202{padding-top: 20px !important;padding-right: 20px !important;padding-bottom: 20px !important;padding-left: 20px !important;}&#8221;][vc_single_image image=&#8221;13505&#8243; img_size=&#8221;full&#8221; css_animation=&#8221;left-to-right&#8221;][vc_column_text css_animation=&#8221;left-to-right&#8221;]<\/p>\n<h4>R&amp;D<\/h4>\n<p>We join our customers in R&amp;D projects to implemet our expertise of product technology and manufacturing into the customers product.[\/vc_column_text][\/vc_column_inner][\/vc_row_inner][\/vc_column][vc_column width=&#8221;1\/4&#8243; css=&#8221;.vc_custom_1429845020378{margin-bottom: 20px !important;}&#8221;][vc_row_inner css=&#8221;.vc_custom_1429500988996{margin-bottom: 20px !important;}&#8221;][vc_column_inner css=&#8221;.vc_custom_1460593445087{padding-top: 20px !important;padding-right: 20px !important;padding-bottom: 20px !important;padding-left: 20px !important;}&#8221;][vc_single_image image=&#8221;13504&#8243; img_size=&#8221;full&#8221; alignment=&#8221;center&#8221; css_animation=&#8221;left-to-right&#8221;][vc_column_text css_animation=&#8221;left-to-right&#8221;]<\/p>\n<h4>LOGISTICS<\/h4>\n<p>We offer our customers also the material logistic services.[\/vc_column_text][\/vc_column_inner][\/vc_row_inner][\/vc_column][vc_column width=&#8221;1\/4&#8243;][vc_row_inner css=&#8221;.vc_custom_1429500988996{margin-bottom: 20px !important;}&#8221;][vc_column_inner css=&#8221;.vc_custom_1460593460975{padding-top: 20px !important;padding-right: 20px !important;padding-bottom: 20px !important;padding-left: 20px !important;}&#8221;][vc_single_image image=&#8221;13503&#8243; img_size=&#8221;full&#8221; alignment=&#8221;center&#8221; css_animation=&#8221;left-to-right&#8221;][vc_column_text css_animation=&#8221;left-to-right&#8221;]<\/p>\n<h4>WELDING AND MACHINING<\/h4>\n<p>We handle the welding process of the demanding parts whether the material is mild steel or stainless \/ acid proof. Our welders have the needed classifications.\u00a0We offer the machining of the work pieces with high experience and good macinery.[\/vc_column_text][\/vc_column_inner][\/vc_row_inner][\/vc_column][vc_column width=&#8221;1\/4&#8243;][vc_row_inner css=&#8221;.vc_custom_1429500988996{margin-bottom: 20px !important;}&#8221;][vc_column_inner css=&#8221;.vc_custom_1460593476295{padding-top: 20px !important;padding-right: 20px !important;padding-bottom: 20px !important;padding-left: 20px !important;}&#8221;][vc_single_image image=&#8221;13506&#8243; img_size=&#8221;full&#8221; alignment=&#8221;center&#8221; css_animation=&#8221;left-to-right&#8221;][vc_column_text css_animation=&#8221;left-to-right&#8221;]<\/p>\n<h4>SURFACE TREATMENT<\/h4>\n<p>We offer our customers the needed surface treatments thru our subcontracting network.<\/p>\n<ol>\n<li>Painting<\/li>\n<li>Picling<\/li>\n<li>Anodizing<\/li>\n<li>Chroming<\/li>\n<li>\u2026<\/li>\n<\/ol>\n<p>[\/vc_column_text][\/vc_column_inner][\/vc_row_inner][\/vc_column][vc_column][vc_separator css=&#8221;.vc_custom_1458834861968{padding-top: 5px !important;padding-bottom: 5px !important;}&#8221;][vc_row_inner][vc_column_inner width=&#8221;1\/4&#8243;][vc_single_image image=&#8221;13888&#8243; img_size=&#8221;534&#215;389&#8243; css=&#8221;.vc_custom_1459695806891{padding-top: 20px !important;}&#8221;][vc_column_text css_animation=&#8221;left-to-right&#8221;]<\/p>\n<h4>MACHINERY<\/h4>\n<p>Our equipment is optimal when manufacturing big and demanding workpieces. Smaller parts we subcontract from our subcontracting network.[\/vc_column_text][vc_column_text]<a class=\"button\" href=\"https:\/\/jarparo.com\/en\/machinery\/\">READ MORE<\/a>[\/vc_column_text][\/vc_column_inner][vc_column_inner width=&#8221;1\/4&#8243;][vc_single_image image=&#8221;12777&#8243; img_size=&#8221;full&#8221; alignment=&#8221;center&#8221; css_animation=&#8221;left-to-right&#8221; css=&#8221;.vc_custom_1459695816030{padding-top: 20px !important;}&#8221;][vc_column_text css_animation=&#8221;left-to-right&#8221;]<\/p>\n<h4>OPTICAL ALIGNMENT MEASUREMENTS FOR THE INDUSTRY<\/h4>\n<p>We do optical alignment measurements using levelling machines, theodolites and tachymeters.<\/p>\n<p>[\/vc_column_text][\/vc_column_inner][vc_column_inner width=&#8221;1\/4&#8243;][vc_single_image image=&#8221;13718&#8243; img_size=&#8221;full&#8221; alignment=&#8221;center&#8221; css_animation=&#8221;left-to-right&#8221; css=&#8221;.vc_custom_1460084118476{padding-top: 20px !important;padding-bottom: 3px !important;}&#8221;][vc_column_text css_animation=&#8221;left-to-right&#8221;]<\/p>\n<h4>ASSEMBLY<\/h4>\n<p>The assembly of the products include the needed quality assurance measurement and documentation according to the customers specification.[\/vc_column_text][vc_column_text]<a class=\"button\" href=\"https:\/\/jarparo.com\/en\/assembly\/\">READ MORE<\/a>[\/vc_column_text][\/vc_column_inner][vc_column_inner width=&#8221;1\/4&#8243;][vc_single_image image=&#8221;13890&#8243; img_size=&#8221;full&#8221; alignment=&#8221;center&#8221; css_animation=&#8221;left-to-right&#8221; css=&#8221;.vc_custom_1460084133782{padding-top: 20px !important;padding-bottom: 3px !important;}&#8221;][vc_column_text css_animation=&#8221;left-to-right&#8221;]<\/p>\n<h4>TESTING AND DELIVERY<\/h4>\n<p>We execute the testing and measurements of the products according to the requirements of our customer either with our own equipment and personnel or by using a third party specialist if required.\u00a0We deliver the products to our customers sites if so required.[\/vc_column_text][\/vc_column_inner][\/vc_row_inner][\/vc_column][\/vc_row][vc_row][vc_column][vc_empty_space][\/vc_column][\/vc_row][vc_row full_width=&#8221;stretch_row_content&#8221; expanded=&#8221;1,2&#8243; background_style=&#8221;fixed&#8221; css=&#8221;.vc_custom_1589405197588{margin-bottom: 0px !important;margin-left: 0px !important;padding-bottom: 0px !important;}&#8221; el_class=&#8221;row_map&#8221;][vc_column css=&#8221;.vc_custom_1460597525061{padding-right: 0px !important;padding-left: 0px !important;background-color: #444444 !important;}&#8221; offset=&#8221;vc_col-sm-offset-0&#8243;][vc_row_inner css=&#8221;.vc_custom_1459697454678{margin-bottom: 0px !important;padding-top: 35px !important;padding-right: 55px !important;padding-bottom: 0px !important;padding-left: 55px !important;background-color: #444444 !important;background-position: center !important;background-repeat: no-repeat !important;background-size: cover !important;}&#8221;][vc_column_inner width=&#8221;1\/4&#8243; css=&#8221;.vc_custom_1459552964611{margin-bottom: 10px !important;}&#8221; offset=&#8221;vc_col-sm-offset-0&#8243;][vc_single_image image=&#8221;13177&#8243; img_size=&#8221;180&#215;39&#8243;][vc_column_text]<\/p>\n<div class=\"\"><span style=\"color: #ffffff;\"><span class=\"\" lang=\"EN-US\">Jarparo Oy specializes in deliveries and co-operation of research and development of demanding industrial investment products. Typical deliveries are big and demanding machines for process- \/ energy industry which include high level of automation.\u00a0<\/span><span class=\"\">We offer also customization and R&amp;D services.<\/span><\/span><\/div>\n<p>[\/vc_column_text][\/vc_column_inner][vc_column_inner width=&#8221;1\/2&#8243; css=&#8221;.vc_custom_1459552975385{padding-top: 10px !important;}&#8221; offset=&#8221;vc_col-sm-offset-0&#8243;][vc_custom_heading text=&#8221;OUR LOCATION&#8221; font_container=&#8221;tag:h3|text_align:left|color:%23ffffff&#8221; use_theme_fonts=&#8221;yes&#8221; css=&#8221;.vc_custom_1459788478946{margin-left: 50px !important;}&#8221;][vc_single_image image=&#8221;13507&#8243; img_size=&#8221;full&#8221; onclick=&#8221;custom_link&#8221; link=&#8221;https:\/\/www.google.fi\/maps\/place\/Jarparo+Oy\/@60.500906,7.1344075,4z\/data=!4m2!3m1!1s0x468e00e6e6193efb:0xdec758c369381b0f&#8221; css=&#8221;.vc_custom_1459697084506{padding-bottom: -80px !important;}&#8221;][\/vc_column_inner][vc_column_inner width=&#8221;1\/4&#8243; offset=&#8221;vc_col-sm-offset-0&#8243;][vc_custom_heading text=&#8221;CONTACT US&#8221; font_container=&#8221;tag:h3|text_align:left|color:%23ffffff&#8221; use_theme_fonts=&#8221;yes&#8221;][vc_column_text css=&#8221;.vc_custom_1589458320300{padding-bottom: 20px !important;}&#8221;]<\/p>\n<div class=\"\"><span style=\"color: #ffffff;\"><span class=\"\">We are developing constantly our operations and services.\u00a0<\/span><span class=\"\" lang=\"EN-US\">We are also developing our spread of customers to include a larger field of industry. We pursue to find the best raw material, energy and cost efficient alternatives to our customers. Please contact us to find out more about our services.<\/span><\/span><\/div>\n<div class=\"\"><span class=\"\" lang=\"EN-US\" style=\"color: #ffffff;\">\u00a0<\/span><\/div>\n<p><br class=\"\" \/><br class=\"\" \/><span style=\"color: #ffffff;\">W\u00e4rtsil\u00e4nkatu 99, FI-04440 J\u00e4rvenp\u00e4\u00e4, Finland\u00a0<\/span><br class=\"\" \/><span style=\"color: #ffffff;\"><a style=\"color: #ffffff;\" href=\"tel:\/\/+358407563234\" target=\"_blank\" rel=\"noopener noreferrer\">+358 40 756 3234<\/a><\/span><\/p>\n<p><br class=\"\" \/><span style=\"color: #ffffff;\"><a class=\"\" style=\"color: #ffffff;\" href=\"mailto:jar.myynti@jarparo.com\">jar.myynti@jarparo.com<\/a><\/span><br \/>\n<span style=\"color: #ffffff;\"><a style=\"color: #ffffff;\" href=\"https:\/\/www.porgesam.com\" target=\"_blank\" rel=\"noopener noreferrer\">www.jarparo.com<\/a><\/span>[\/vc_column_text][\/vc_column_inner][\/vc_row_inner][\/vc_column][\/vc_row]<\/p>\n","protected":false},"excerpt":{"rendered":"<p>[vc_row background_style=&#8221;cover&#8221; css=&#8221;.vc_custom_1589404658316{margin-top: -50px !important;margin-right: 0px !important;margin-bottom: 15px !important;}&#8221;][vc_column][vc_custom_heading text=&#8221;ALL SERVICES&#8221; font_container=&#8221;tag:h2|text_align:left|color:%230062c4&#8243; use_theme_fonts=&#8221;yes&#8221;][vc_empty_space][\/vc_column][vc_column width=&#8221;1\/4&#8243; css=&#8221;.vc_custom_1429845004850{margin-bottom: 20px !important;}&#8221;][vc_row_inner css=&#8221;.vc_custom_1429500981341{margin-bottom: 20px !important;}&#8221;][vc_column_inner css=&#8221;.vc_custom_1460593429202{padding-top: 20px !important;padding-right: 20px !important;padding-bottom: 20px !important;padding-left: 20px !important;}&#8221;][vc_single_image image=&#8221;13505&#8243; img_size=&#8221;full&#8221; css_animation=&#8221;left-to-right&#8221;][vc_column_text css_animation=&#8221;left-to-right&#8221;] R&amp;D We join our customers in R&amp;D projects to implemet our expertise of product technology and manufacturing into the customers product.[\/vc_column_text][\/vc_column_inner][\/vc_row_inner][\/vc_column][vc_column width=&#8221;1\/4&#8243; [&hellip;]<\/p>\n","protected":false},"author":3,"featured_media":0,"parent":0,"menu_order":0,"comment_status":"closed","ping_status":"closed","template":"","meta":{"footnotes":""},"class_list":["post-14139","page","type-page","status-publish","hentry"],"yoast_head":"<!-- This site is optimized with the Yoast SEO plugin v27.3 - https:\/\/yoast.com\/product\/yoast-seo-wordpress\/ -->\n<title>JARPARO Oy palvelut metalli- ja konepajateollisuuden projekteihin<\/title>\n<meta name=\"description\" content=\"Metalli- ja konepajateollisuuden projekteihin palvelua: tuotekehitykseen, hitsaukseen, koneistukseen, kokoonpanoon, testaukseen, mittaukseen,toimitukseen.\" \/>\n<meta name=\"robots\" content=\"index, follow, max-snippet:-1, max-image-preview:large, max-video-preview:-1\" \/>\n<link rel=\"canonical\" href=\"https:\/\/jarparo.com\/en\/services-2\/\" \/>\n<meta property=\"og:locale\" content=\"en_US\" \/>\n<meta property=\"og:type\" content=\"article\" \/>\n<meta property=\"og:title\" content=\"JARPARO Oy palvelut metalli- ja konepajateollisuuden projekteihin\" \/>\n<meta property=\"og:description\" content=\"Metalli- ja konepajateollisuuden projekteihin palvelua: tuotekehitykseen, hitsaukseen, koneistukseen, kokoonpanoon, testaukseen, mittaukseen,toimitukseen.\" \/>\n<meta property=\"og:url\" content=\"https:\/\/jarparo.com\/en\/services-2\/\" \/>\n<meta property=\"og:site_name\" content=\"Jarparo sivusto\" \/>\n<meta property=\"article:modified_time\" content=\"2021-01-22T22:05:37+00:00\" \/>\n<meta name=\"twitter:card\" content=\"summary_large_image\" \/>\n<meta name=\"twitter:label1\" content=\"Est. reading time\" \/>\n\t<meta name=\"twitter:data1\" content=\"5 minutes\" \/>\n<script type=\"application\/ld+json\" class=\"yoast-schema-graph\">{\"@context\":\"https:\\\/\\\/schema.org\",\"@graph\":[{\"@type\":\"WebPage\",\"@id\":\"https:\\\/\\\/jarparo.com\\\/en\\\/services-2\\\/\",\"url\":\"https:\\\/\\\/jarparo.com\\\/en\\\/services-2\\\/\",\"name\":\"JARPARO Oy palvelut metalli- ja konepajateollisuuden projekteihin\",\"isPartOf\":{\"@id\":\"https:\\\/\\\/jarparo.com\\\/#website\"},\"datePublished\":\"2015-03-06T05:32:20+00:00\",\"dateModified\":\"2021-01-22T22:05:37+00:00\",\"description\":\"Metalli- ja konepajateollisuuden projekteihin palvelua: tuotekehitykseen, hitsaukseen, koneistukseen, kokoonpanoon, testaukseen, mittaukseen,toimitukseen.\",\"breadcrumb\":{\"@id\":\"https:\\\/\\\/jarparo.com\\\/en\\\/services-2\\\/#breadcrumb\"},\"inLanguage\":\"en-US\",\"potentialAction\":[{\"@type\":\"ReadAction\",\"target\":[\"https:\\\/\\\/jarparo.com\\\/en\\\/services-2\\\/\"]}]},{\"@type\":\"BreadcrumbList\",\"@id\":\"https:\\\/\\\/jarparo.com\\\/en\\\/services-2\\\/#breadcrumb\",\"itemListElement\":[{\"@type\":\"ListItem\",\"position\":1,\"name\":\"Home\",\"item\":\"https:\\\/\\\/jarparo.com\\\/en\\\/\"},{\"@type\":\"ListItem\",\"position\":2,\"name\":\"Services\"}]},{\"@type\":\"WebSite\",\"@id\":\"https:\\\/\\\/jarparo.com\\\/#website\",\"url\":\"https:\\\/\\\/jarparo.com\\\/\",\"name\":\"Jarparo sivusto\",\"description\":\"innovatiiviset keksinn\u00f6t\",\"publisher\":{\"@id\":\"https:\\\/\\\/jarparo.com\\\/#organization\"},\"potentialAction\":[{\"@type\":\"SearchAction\",\"target\":{\"@type\":\"EntryPoint\",\"urlTemplate\":\"https:\\\/\\\/jarparo.com\\\/?s={search_term_string}\"},\"query-input\":{\"@type\":\"PropertyValueSpecification\",\"valueRequired\":true,\"valueName\":\"search_term_string\"}}],\"inLanguage\":\"en-US\"},{\"@type\":\"Organization\",\"@id\":\"https:\\\/\\\/jarparo.com\\\/#organization\",\"name\":\"Jarparo Oy\",\"url\":\"https:\\\/\\\/jarparo.com\\\/\",\"logo\":{\"@type\":\"ImageObject\",\"inLanguage\":\"en-US\",\"@id\":\"https:\\\/\\\/jarparo.com\\\/#\\\/schema\\\/logo\\\/image\\\/\",\"url\":\"https:\\\/\\\/jarparo.com\\\/wp-content\\\/uploads\\\/2016\\\/05\\\/UUSI_jarparo_logo_posa.png\",\"contentUrl\":\"https:\\\/\\\/jarparo.com\\\/wp-content\\\/uploads\\\/2016\\\/05\\\/UUSI_jarparo_logo_posa.png\",\"width\":190,\"height\":42,\"caption\":\"Jarparo Oy\"},\"image\":{\"@id\":\"https:\\\/\\\/jarparo.com\\\/#\\\/schema\\\/logo\\\/image\\\/\"}}]}<\/script>\n<!-- \/ Yoast SEO plugin. -->","yoast_head_json":{"title":"JARPARO Oy palvelut metalli- ja konepajateollisuuden projekteihin","description":"Metalli- ja konepajateollisuuden projekteihin palvelua: tuotekehitykseen, hitsaukseen, koneistukseen, kokoonpanoon, testaukseen, mittaukseen,toimitukseen.","robots":{"index":"index","follow":"follow","max-snippet":"max-snippet:-1","max-image-preview":"max-image-preview:large","max-video-preview":"max-video-preview:-1"},"canonical":"https:\/\/jarparo.com\/en\/services-2\/","og_locale":"en_US","og_type":"article","og_title":"JARPARO Oy palvelut metalli- ja konepajateollisuuden projekteihin","og_description":"Metalli- ja konepajateollisuuden projekteihin palvelua: tuotekehitykseen, hitsaukseen, koneistukseen, kokoonpanoon, testaukseen, mittaukseen,toimitukseen.","og_url":"https:\/\/jarparo.com\/en\/services-2\/","og_site_name":"Jarparo sivusto","article_modified_time":"2021-01-22T22:05:37+00:00","twitter_card":"summary_large_image","twitter_misc":{"Est. reading time":"5 minutes"},"schema":{"@context":"https:\/\/schema.org","@graph":[{"@type":"WebPage","@id":"https:\/\/jarparo.com\/en\/services-2\/","url":"https:\/\/jarparo.com\/en\/services-2\/","name":"JARPARO Oy palvelut metalli- ja konepajateollisuuden projekteihin","isPartOf":{"@id":"https:\/\/jarparo.com\/#website"},"datePublished":"2015-03-06T05:32:20+00:00","dateModified":"2021-01-22T22:05:37+00:00","description":"Metalli- ja konepajateollisuuden projekteihin palvelua: tuotekehitykseen, hitsaukseen, koneistukseen, kokoonpanoon, testaukseen, mittaukseen,toimitukseen.","breadcrumb":{"@id":"https:\/\/jarparo.com\/en\/services-2\/#breadcrumb"},"inLanguage":"en-US","potentialAction":[{"@type":"ReadAction","target":["https:\/\/jarparo.com\/en\/services-2\/"]}]},{"@type":"BreadcrumbList","@id":"https:\/\/jarparo.com\/en\/services-2\/#breadcrumb","itemListElement":[{"@type":"ListItem","position":1,"name":"Home","item":"https:\/\/jarparo.com\/en\/"},{"@type":"ListItem","position":2,"name":"Services"}]},{"@type":"WebSite","@id":"https:\/\/jarparo.com\/#website","url":"https:\/\/jarparo.com\/","name":"Jarparo sivusto","description":"innovatiiviset keksinn\u00f6t","publisher":{"@id":"https:\/\/jarparo.com\/#organization"},"potentialAction":[{"@type":"SearchAction","target":{"@type":"EntryPoint","urlTemplate":"https:\/\/jarparo.com\/?s={search_term_string}"},"query-input":{"@type":"PropertyValueSpecification","valueRequired":true,"valueName":"search_term_string"}}],"inLanguage":"en-US"},{"@type":"Organization","@id":"https:\/\/jarparo.com\/#organization","name":"Jarparo Oy","url":"https:\/\/jarparo.com\/","logo":{"@type":"ImageObject","inLanguage":"en-US","@id":"https:\/\/jarparo.com\/#\/schema\/logo\/image\/","url":"https:\/\/jarparo.com\/wp-content\/uploads\/2016\/05\/UUSI_jarparo_logo_posa.png","contentUrl":"https:\/\/jarparo.com\/wp-content\/uploads\/2016\/05\/UUSI_jarparo_logo_posa.png","width":190,"height":42,"caption":"Jarparo Oy"},"image":{"@id":"https:\/\/jarparo.com\/#\/schema\/logo\/image\/"}}]}},"_links":{"self":[{"href":"https:\/\/jarparo.com\/en\/wp-json\/wp\/v2\/pages\/14139","targetHints":{"allow":["GET"]}}],"collection":[{"href":"https:\/\/jarparo.com\/en\/wp-json\/wp\/v2\/pages"}],"about":[{"href":"https:\/\/jarparo.com\/en\/wp-json\/wp\/v2\/types\/page"}],"author":[{"embeddable":true,"href":"https:\/\/jarparo.com\/en\/wp-json\/wp\/v2\/users\/3"}],"replies":[{"embeddable":true,"href":"https:\/\/jarparo.com\/en\/wp-json\/wp\/v2\/comments?post=14139"}],"version-history":[{"count":9,"href":"https:\/\/jarparo.com\/en\/wp-json\/wp\/v2\/pages\/14139\/revisions"}],"predecessor-version":[{"id":14485,"href":"https:\/\/jarparo.com\/en\/wp-json\/wp\/v2\/pages\/14139\/revisions\/14485"}],"wp:attachment":[{"href":"https:\/\/jarparo.com\/en\/wp-json\/wp\/v2\/media?parent=14139"}],"curies":[{"name":"wp","href":"https:\/\/api.w.org\/{rel}","templated":true}]}}